{"id":1859,"date":"2024-10-01T17:20:58","date_gmt":"2024-10-01T15:20:58","guid":{"rendered":"https:\/\/lesjardinsdelaferme.com\/datenschutzerklaerun\/"},"modified":"2026-02-17T16:28:03","modified_gmt":"2026-02-17T15:28:03","slug":"datenschutzerklaerun","status":"publish","type":"page","link":"https:\/\/lesjardinsdelaferme.com\/de\/datenschutzerklaerun\/","title":{"rendered":"Datenschutzerkl\u00e4run"},"content":{"rendered":"\t\t<div data-elementor-type=\"wp-page\" data-elementor-id=\"1859\" class=\"elementor elementor-1859 elementor-3\" data-elementor-post-type=\"page\">\n\t\t\t\t<div class=\"elementor-element elementor-element-3a996801 e-flex e-con-boxed e-con e-parent\" data-id=\"3a996801\" data-element_type=\"container\">\n\t\t\t\t\t<div class=\"e-con-inner\">\n\t\t\t\t<div class=\"elementor-element elementor-element-5f42ff16 elementor-widget elementor-widget-text-editor\" data-id=\"5f42ff16\" data-element_type=\"widget\" data-widget_type=\"text-editor.default\">\n\t\t\t\t<div class=\"elementor-widget-container\">\n\t\t\t\t\t\t\t\t\t<h2>Wer sind wir?<\/h2>\n<p>Die Adresse unserer Website lautet: https:\/\/lesjardinsdelaferme.be<\/p>\n<p style=\"font-weight: 400;\">Thier Hamal 25<br \/>\n4630 Soumagne<br \/>\nBelgien<br \/>\nTel.: +32(0)496.03.62.51<br \/>\nE-Mail: lesjardinsdelaferme@icloud.com<\/p>\n<h2>Verwendung der erhobenen personenbezogenen Daten<\/h2>\n<p><\/p>\n<h3>Kontaktformulare<\/h3>\n<p>Wenn Sie sich f\u00fcr unseren Newsletter anmelden, geben Sie uns Ihren Namen und Ihre E-Mail-Adresse bekannt, damit wir Ihnen informative E-Mails \u00fcber das Unternehmen zusenden k\u00f6nnen. Wenn Sie keine Benachrichtigungen mehr von uns erhalten m\u00f6chten, k\u00f6nnen Sie sich entweder \u00fcber den Link am Ende unserer Newsletter oder per E-Mail an lesjardinsdelaferme@icloud.com abmelden.<\/p>\n<h3>Cookies<\/h3>\n<p>Wenn Sie sich anmelden, setzen wir eine Reihe von Cookies, um Ihre Anmeldedaten und Bildschirmeinstellungen zu speichern. Die Lebensdauer eines Anmelde-Cookies betr\u00e4gt zwei Tage, die eines Bildschirmoptions-Cookies ein Jahr.<\/p>\n<h3>Von anderen Websites eingebettete Inhalte<\/h3>\n<p>Die Artikel auf dieser Website k\u00f6nnen eingebettete Inhalte (z. B. Videos, Bilder, Artikel usw.) enthalten. Die von anderen Websites eingebetteten Inhalte verhalten sich so, als w\u00fcrde der Besucher diese andere Website aufrufen.<\/p>\n<p>Diese Websites k\u00f6nnen Daten \u00fcber Sie sammeln, Cookies verwenden, Tracking-Tools von Drittanbietern einbinden und Ihre Interaktionen mit diesen eingebetteten Inhalten verfolgen, wenn Sie \u00fcber ein Konto auf ihrer Website verf\u00fcgen.<\/p>\n<h3>Statistiken und Besucherzahlen<\/h3>\n<p>Wir sammeln auch anonym technische Informationen, wenn Sie die Website nutzen. Unsere Server speichern automatisch Informationen (\u201eLogdaten\u201c) wie Ihre IP-Adresse, die Adresse der von Ihnen besuchten Seiten der Website, den von Ihnen verwendeten Browsertyp und dessen Einstellungen, Datum und Uhrzeit Ihrer Verbindung sowie die Art und Weise, wie Sie die Website genutzt haben. Diese Datenerhebung dient ausschlie\u00dflich der Verbesserung unserer Website.<\/p>\n<h2>Verwendung und Weitergabe Ihrer personenbezogenen Daten<\/h2>\n<p>Die personenbezogenen Daten, die Sie uns \u00fcbermitteln, werden von \u201eLes Jardins de la Ferme\u201c ausschlie\u00dflich f\u00fcr folgende Zwecke verwendet:<\/p>\n<ul>\n<li>unseren Austausch bei den uns betreffenden Aufgaben sicherzustellen<\/li>\n<li>die f\u00fcr die ordnungsgem\u00e4\u00dfe Verwaltung unserer Beziehungen erforderlichen Verwaltungsunterlagen zusammenstellen<\/li>\n<li>Versand unserer Newsletter (Informationen zu unseren Aktivit\u00e4ten, Einladungen zu unseren Veranstaltungen, Sonderangebote und Neuheiten)<\/li>\n<li>Unsere Gesch\u00e4ftsbeziehungen mit Ihnen ausbauen.<\/li>\n<\/ul>\n<p><\/p>\n<h2>Speicherung Ihrer Daten<\/h2>\n<p>F\u00fcr Nutzerinnen und Nutzer, die sich auf unserer Website registrieren (sofern m\u00f6glich), speichern wir auch die in ihrem Profil angegebenen personenbezogenen Daten. Alle Nutzerinnen und Nutzer k\u00f6nnen ihre personenbezogenen Daten jederzeit einsehen, \u00e4ndern oder l\u00f6schen (mit Ausnahme ihres Benutzernamens). Die Betreiber der Website k\u00f6nnen diese Informationen ebenfalls einsehen und \u00e4ndern.<\/p>\n<h2>Ihre Rechte an Ihren Daten<\/h2>\n<p>Wenn Sie ein Konto haben oder Kommentare auf der Website hinterlassen haben, k\u00f6nnen Sie eine Datei mit allen personenbezogenen Daten anfordern, die wir \u00fcber Sie gespeichert haben, einschlie\u00dflich der Daten, die Sie uns zur Verf\u00fcgung gestellt haben. Sie k\u00f6nnen auch die L\u00f6schung Ihrer personenbezogenen Daten beantragen. Davon ausgenommen sind Daten, die zu administrativen, rechtlichen oder Sicherheitszwecken gespeichert werden.<\/p>\n<h2>Weitergabe Ihrer personenbezogenen Daten<\/h2>\n<p>Diese Daten werden unter keinen Umst\u00e4nden an Dritte weitergegeben oder mit diesen geteilt, es sei denn, dies ist f\u00fcr die Erf\u00fcllung unserer Aufgaben erforderlich.<\/p>\n<h2>Kontaktinformationen<\/h2>\n<p><\/p>\n<p style=\"font-weight: 400;\">Les Jardins de la Ferme<br \/>\nThier Hamal 25<br \/>\n4630 Soumagne<br \/>\nBelgien<br \/>\nTel. +32(0)496.03.62.51<br \/>\nlesjardinsdelaferme@icloud.com<\/p>\n<h2><\/h2>\n<p><\/p>\n<div id=\"ConnectiveDocSignExtentionInstalled\" data-extension-version=\"1.0.4\"><\/div>\n<p><\/p>\n<h2 class=\"wp-block-heading\"><\/h2>\n\t\t\t\t\t\t\t\t<\/div>\n\t\t\t\t<\/div>\n\t\t\t\t\t<\/div>\n\t\t\t\t<\/div>\n\t\t\t\t<\/div>\n\t\t","protected":false},"excerpt":{"rendered":"<p>Wer sind wir? Die Adresse unserer Website lautet: https:\/\/lesjardinsdelaferme.be Thier Hamal 25 4630 Soumagne Belgien Tel.: +32(0)496.03.62.51 E-Mail: lesjardinsdelaferme@icloud.com Verwendung der erhobenen personenbezogenen Daten Kontaktformulare Wenn Sie sich f\u00fcr unseren Newsletter anmelden, geben Sie uns Ihren Namen und Ihre E-Mail-Adresse bekannt, damit wir Ihnen informative E-Mails \u00fcber das Unternehmen zusenden k\u00f6nnen. Wenn Sie keine Benachrichtigungen [&hellip;]<\/p>\n","protected":false},"author":1,"featured_media":494,"parent":0,"menu_order":0,"comment_status":"closed","ping_status":"open","template":"","meta":{"_acf_changed":false,"_glsr_average":0,"_glsr_ranking":0,"_glsr_reviews":0,"footnotes":""},"class_list":["post-1859","page","type-page","status-publish","has-post-thumbnail","hentry"],"acf":[],"_links":{"self":[{"href":"https:\/\/lesjardinsdelaferme.com\/de\/wp-json\/wp\/v2\/pages\/1859","targetHints":{"allow":["GET"]}}],"collection":[{"href":"https:\/\/lesjardinsdelaferme.com\/de\/wp-json\/wp\/v2\/pages"}],"about":[{"href":"https:\/\/lesjardinsdelaferme.com\/de\/wp-json\/wp\/v2\/types\/page"}],"author":[{"embeddable":true,"href":"https:\/\/lesjardinsdelaferme.com\/de\/wp-json\/wp\/v2\/users\/1"}],"replies":[{"embeddable":true,"href":"https:\/\/lesjardinsdelaferme.com\/de\/wp-json\/wp\/v2\/comments?post=1859"}],"version-history":[{"count":3,"href":"https:\/\/lesjardinsdelaferme.com\/de\/wp-json\/wp\/v2\/pages\/1859\/revisions"}],"predecessor-version":[{"id":1862,"href":"https:\/\/lesjardinsdelaferme.com\/de\/wp-json\/wp\/v2\/pages\/1859\/revisions\/1862"}],"wp:featuredmedia":[{"embeddable":true,"href":"https:\/\/lesjardinsdelaferme.com\/de\/wp-json\/wp\/v2\/media\/494"}],"wp:attachment":[{"href":"https:\/\/lesjardinsdelaferme.com\/de\/wp-json\/wp\/v2\/media?parent=1859"}],"curies":[{"name":"wp","href":"https:\/\/api.w.org\/{rel}","templated":true}]}}