{"id":1842,"date":"2024-10-01T17:51:53","date_gmt":"2024-10-01T15:51:53","guid":{"rendered":"https:\/\/lesjardinsdelaferme.com\/die-zimmer\/"},"modified":"2026-02-17T16:27:04","modified_gmt":"2026-02-17T15:27:04","slug":"die-zimmer","status":"publish","type":"page","link":"https:\/\/lesjardinsdelaferme.com\/de\/die-zimmer\/","title":{"rendered":"Die Zimmer"},"content":{"rendered":"\t\t<div data-elementor-type=\"wp-page\" data-elementor-id=\"1842\" class=\"elementor elementor-1842 elementor-28\" data-elementor-post-type=\"page\">\n\t\t\t\t<div class=\"elementor-element elementor-element-9270300 e-con-full e-flex e-con e-parent\" data-id=\"9270300\" data-element_type=\"container\" data-settings=\"{&quot;background_background&quot;:&quot;slideshow&quot;,&quot;background_slideshow_gallery&quot;:[{&quot;id&quot;:1800,&quot;url&quot;:&quot;https:\\\/\\\/lesjardinsdelaferme.com\\\/wp-content\\\/uploads\\\/2026\\\/01\\\/jardin-de-la-ferme-chambre_laiterie_2.webp&quot;},{&quot;id&quot;:1809,&quot;url&quot;:&quot;https:\\\/\\\/lesjardinsdelaferme.com\\\/wp-content\\\/uploads\\\/2026\\\/01\\\/jardin-de-la-ferme-chambre_etable_2.webp&quot;},{&quot;id&quot;:1835,&quot;url&quot;:&quot;https:\\\/\\\/lesjardinsdelaferme.com\\\/wp-content\\\/uploads\\\/2026\\\/01\\\/jardin-de-la-ferme-chambre_fenil_2.webp&quot;}],&quot;background_slideshow_slide_duration&quot;:3500,&quot;background_slideshow_loop&quot;:&quot;yes&quot;,&quot;background_slideshow_slide_transition&quot;:&quot;fade&quot;,&quot;background_slideshow_transition_duration&quot;:500}\">\n\t\t<div class=\"elementor-element elementor-element-20232c2 e-con-full e-flex e-con e-child\" data-id=\"20232c2\" data-element_type=\"container\">\n\t\t\t\t<div class=\"elementor-element elementor-element-449b71e elementor-invisible elementor-widget elementor-widget-theme-post-title elementor-page-title elementor-widget-heading\" data-id=\"449b71e\" data-element_type=\"widget\" data-settings=\"{&quot;_animation&quot;:&quot;slideInLeft&quot;,&quot;_animation_delay&quot;:60}\" data-widget_type=\"theme-post-title.default\">\n\t\t\t\t<div class=\"elementor-widget-container\">\n\t\t\t\t\t<h1 class=\"elementor-heading-title elementor-size-default\">Die Zimmer<\/h1>\t\t\t\t<\/div>\n\t\t\t\t<\/div>\n\t\t\t\t<\/div>\n\t\t\t\t<\/div>\n\t\t<div class=\"elementor-element elementor-element-3ab5f8e e-flex e-con-boxed e-con e-parent\" data-id=\"3ab5f8e\" data-element_type=\"container\">\n\t\t\t\t\t<div class=\"e-con-inner\">\n\t\t\t\t<div class=\"elementor-element elementor-element-7c9e24b elementor-widget elementor-widget-text-editor\" data-id=\"7c9e24b\" data-element_type=\"widget\" data-widget_type=\"text-editor.default\">\n\t\t\t\t<div class=\"elementor-widget-container\">\n\t\t\t\t\t\t\t\t\t<p>Hier f\u00fcgen sich Holzbalken, Parkett und alte Steine harmonisch in die italienische Dusche oder die Flachbildschirme ein. Entdecken Sie zwischen dem Charme des Alten und dem Komfort modernster Einrichtungen unsere drei Zimmer, die 2025 komplett renoviert wurden.<\/p>\n<p>M\u00f6chten Sie als Paar bei einem romantischen Wochenende neue Energie tanken? Oder lieber mit der Familie die Region in einer gr\u00fcnen Umgebung entdecken, die zu Spazierg\u00e4ngen einl\u00e4dt? Unsere G\u00e4stezimmer bieten Ihnen garantiert die lang ersehnte Auszeit, um abzuschalten&#8230;<\/p>\n<p>Selbstverst\u00e4ndlich k\u00f6nnen Sie unseren Swimmingpool, Whirlpool und die Au\u00dfensauna nutzen, die in Ihrer Miete enthalten sind.<\/p>\n\t\t\t\t\t\t\t\t<\/div>\n\t\t\t\t<\/div>\n\t\t\t\t\t<\/div>\n\t\t\t\t<\/div>\n\t\t<div class=\"elementor-element elementor-element-3232ad8 e-con-full e-flex e-con e-parent\" data-id=\"3232ad8\" data-element_type=\"container\">\n\t\t<div class=\"elementor-element elementor-element-0d7bb9d e-con-full e-flex e-con e-child\" data-id=\"0d7bb9d\" data-element_type=\"container\">\n\t\t\t\t<div class=\"elementor-element elementor-element-61ac60c elementor-widget elementor-widget-ha-image-hover-effect happy-addon ha-image-hover-effect\" data-id=\"61ac60c\" data-element_type=\"widget\" data-widget_type=\"ha-image-hover-effect.default\">\n\t\t\t\t<div class=\"elementor-widget-container\">\n\t\t\t\t\t\t\t<div class=\"ha-ihe-wrapper grid\">\n\t\t\t<figure class=\"ha-ihe-fig ha-effect-apollo\">\n\t\t\t\t<img decoding=\"async\" class=\"ha-ihe-img\" src=\"https:\/\/lesjardinsdelaferme.com\/wp-content\/uploads\/2026\/01\/jardin-de-la-ferme-chambre_2.webp\" alt=\"Image hover effect image\" \/>\n\t\t\t\t<figcaption class=\"ha-ihe-caption\">\n\t\t\t\t\t\t\t\t\t\t\t<h2 class=\"ha-ihe-title\"><span>Der Stall<\/span><\/h2>\t\t\t\t\t\t\t\t\t\t\t\t\t<p class=\"ha-ihe-desc\">Chambre pour deux personnes<\/p>\n\t\t\t\t\t\t\t\t\t\t\t\t\t\t\t\t\t\t\t\t\t\t\t<a href=\"https:\/\/lesjardinsdelaferme.com\/de\/die-zimmer\/der-stall\/\" ><\/a>\n\t\t\t\t\t\t\t\t\t<\/figcaption>\n\t\t\t<\/figure>\n\t\t<\/div>\n\t\t\t\t<\/div>\n\t\t\t\t<\/div>\n\t\t\t\t<\/div>\n\t\t<div class=\"elementor-element elementor-element-a8f7de6 e-con-full e-flex e-con e-child\" data-id=\"a8f7de6\" data-element_type=\"container\">\n\t\t\t\t<div class=\"elementor-element elementor-element-b5cf338 elementor-widget elementor-widget-ha-image-hover-effect happy-addon ha-image-hover-effect\" data-id=\"b5cf338\" data-element_type=\"widget\" data-widget_type=\"ha-image-hover-effect.default\">\n\t\t\t\t<div class=\"elementor-widget-container\">\n\t\t\t\t\t\t\t<div class=\"ha-ihe-wrapper grid\">\n\t\t\t<figure class=\"ha-ihe-fig ha-effect-apollo\">\n\t\t\t\t<img decoding=\"async\" class=\"ha-ihe-img\" src=\"https:\/\/lesjardinsdelaferme.com\/wp-content\/uploads\/2026\/01\/jardin-de-la-ferme-chambre_laiterie_1.webp\" alt=\"Image hover effect image\" \/>\n\t\t\t\t<figcaption class=\"ha-ihe-caption\">\n\t\t\t\t\t\t\t\t\t\t\t<h2 class=\"ha-ihe-title\"><span>Die Molkerei<\/span><\/h2>\t\t\t\t\t\t\t\t\t\t\t\t\t<p class=\"ha-ihe-desc\">Chambre pour deux personnes<\/p>\n\t\t\t\t\t\t\t\t\t\t\t\t\t\t\t\t\t\t\t\t\t\t\t<a href=\"https:\/\/lesjardinsdelaferme.com\/de\/die-zimmer\/der-stall\/\" ><\/a>\n\t\t\t\t\t\t\t\t\t<\/figcaption>\n\t\t\t<\/figure>\n\t\t<\/div>\n\t\t\t\t<\/div>\n\t\t\t\t<\/div>\n\t\t\t\t<\/div>\n\t\t<div class=\"elementor-element elementor-element-28a2f0b e-con-full e-flex e-con e-child\" data-id=\"28a2f0b\" data-element_type=\"container\">\n\t\t\t\t<div class=\"elementor-element elementor-element-0ac075c elementor-widget elementor-widget-ha-image-hover-effect happy-addon ha-image-hover-effect\" data-id=\"0ac075c\" data-element_type=\"widget\" data-widget_type=\"ha-image-hover-effect.default\">\n\t\t\t\t<div class=\"elementor-widget-container\">\n\t\t\t\t\t\t\t<div class=\"ha-ihe-wrapper grid\">\n\t\t\t<figure class=\"ha-ihe-fig ha-effect-apollo\">\n\t\t\t\t<img decoding=\"async\" class=\"ha-ihe-img\" src=\"https:\/\/lesjardinsdelaferme.com\/wp-content\/uploads\/2026\/01\/jardin-de-la-ferme-chambre_fenil_1.webp\" alt=\"Image hover effect image\" \/>\n\t\t\t\t<figcaption class=\"ha-ihe-caption\">\n\t\t\t\t\t\t\t\t\t\t\t<h2 class=\"ha-ihe-title\"><span>Der Heuboden<\/span><\/h2>\t\t\t\t\t\t\t\t\t\t\t\t\t<p class=\"ha-ihe-desc\">Chambre pour deux personnes<\/p>\n\t\t\t\t\t\t\t\t\t\t\t\t\t\t\t\t\t\t\t\t\t\t\t<a href=\"https:\/\/lesjardinsdelaferme.com\/de\/die-zimmer\/der-stall\/\" ><\/a>\n\t\t\t\t\t\t\t\t\t<\/figcaption>\n\t\t\t<\/figure>\n\t\t<\/div>\n\t\t\t\t<\/div>\n\t\t\t\t<\/div>\n\t\t\t\t<\/div>\n\t\t\t\t<\/div>\n\t\t<div class=\"elementor-element elementor-element-ae45e94 e-flex e-con-boxed e-con e-parent\" data-id=\"ae45e94\" data-element_type=\"container\" data-settings=\"{&quot;background_background&quot;:&quot;classic&quot;,&quot;shape_divider_top&quot;:&quot;triangle&quot;}\">\n\t\t\t\t\t<div class=\"e-con-inner\">\n\t\t\t\t<div class=\"elementor-shape elementor-shape-top\" aria-hidden=\"true\" data-negative=\"false\">\n\t\t\t<svg xmlns=\"http:\/\/www.w3.org\/2000\/svg\" viewBox=\"0 0 1000 100\" preserveAspectRatio=\"none\">\n\t<path class=\"elementor-shape-fill\" d=\"M500,98.9L0,6.1V0h1000v6.1L500,98.9z\"\/>\n<\/svg>\t\t<\/div>\n\t\t\t\t<div class=\"elementor-element elementor-element-095f077 elementor-position-inline-start elementor-view-default elementor-mobile-position-block-start elementor-widget elementor-widget-icon-box\" data-id=\"095f077\" data-element_type=\"widget\" data-widget_type=\"icon-box.default\">\n\t\t\t\t<div class=\"elementor-widget-container\">\n\t\t\t\t\t\t\t<div class=\"elementor-icon-box-wrapper\">\n\n\t\t\t\t\t\t<div class=\"elementor-icon-box-icon\">\n\t\t\t\t<span  class=\"elementor-icon\">\n\t\t\t\t<svg xmlns=\"http:\/\/www.w3.org\/2000\/svg\" aria-hidden=\"true\" viewBox=\"0 0 360.7 580.3\"><path class=\"cls-1\" d=\"M360.7,224.9c-7.7,5.7-6.4.3-7.5.4-.3,0-3.7,2.8-4.6,3.4q-.6-.2-1.2-.5c4.3-7.6-5.8,5.4-3.2-2.7-10.5,11.2,3.5-5.9-8.9,6.9,3.3-9.7-2.9-1.5-3.3-1.7,3-9.2-4.4,2.7-4.8,4.7-1.8,1.3-2.8,2.8-1.9,0,9.7-22.8,1.2-3.9-8.3,2q1.4-5.8,2.7-11.6c-4.1,6.9-26.1,32.5-8.5,9.3q-.4-.5-.8-1.1c-11.1,11.7-9.8,10.6-.9-5.8q-.4-.9-.8-1.8c-8.2,7.2-10,13.1-14.6,22.2-.2-6.5,8.4-22,3.5-18.2-2.2,1.2-5.6,6-6.8,8.2-.6,1.1,1.3,1.2,1.1,1.5-.4.8-2,2.8-3.3,5.9-1.4,3.4-2.5,6.1-3.7,9.5-2.1,5.8-1.6,1.9-1.1-1.8,9.4-35.8,9.6-40.7-3.5-3.1q-.7.3-1.3.5c-1.1-27.7-1.4-12.4-3.1,4.6-1.1-5.6.8-28.1-3.8-11.4-4,14.8-.2,28.2-5.4-5.6-1.7-1.1-4.9,12.7-5.3,14.7,0,.2,0,.4,0,.7-.4,1.8-.5,7.6-1.3,7.8-7.4-23.2-5.2-12.3-3,3.6q-2.5-7.5-5-14.9-.6,7.2-1.1,14.5-1.6-2.5-3.2-5.1c0,3.7,0,7.3,0,11l-.7.6c0,.1.1,1,.4,2q-2.4,1-4.8,2.1c.8,7.5-1.8-3.4-2.1-3.9-.8-1.5-1.7-1.1-1.8-1.2-10.6-18.7-5.5-3.4-3,6.3-3.7-4.9-9-12.8-13.1-16.9q2.5,6.1,5,12.2c-.6.8-13.7-9.4-8.5-4,4,4.2,12.2,6.7,12.5,13.5-.6-.5-1.1-1-1.7-1.5-.1-.1-1-2.1-1.9-2.9-11.9-10.6-3.3.5-2.1,4.1,3.3,10.3-3-.5-6.9-1.5,0,2.5,2,8,2.1,9.6,0,1.2-4.9-1.7,1.5,13.8,0,.1,1.4,2.9-.8,1.6q-3.8-8.4-7.6-16.9l4,14.5q-3.1-4-6.1-8.1,1.9,9.4,3.8,18.8-5.1-12.3-10.2-24.5c.9,5.8,4.1,11.9,5.6,17.6q-4.8-5.2-9.7-10.5,3.6,7.1,7.3,14.2c4.7,17.2-2.6-1.5-8-5.3-1.6.6,1.4,5.6,1.5,6.2,4.5,19.5.8,8.8-8.6-1,4.6,5.6,6.2,14.3,8.9,19.7-10.6-17.5-4-2.6-1.4,6.2q-.8,0-1.6.1c-4.4-8-3.9,1.1.3,5.7-11.2-3.7,3,6.2-4.6,11.4,6,6.4,1.3,5.7,1.1,6.8-.6,3.6.2,5.9-.2,7.3-.6,1.9-17.7,18-27.4,29.9-24.4,30-59.1,110.7-75.2,146.1-.9,2.1-1.8,4.2-2.7,6.3-1.7,4-5.2,9.7-6.8,14.5-.3-.1-.5-.4-.6-1-.1-.9,6-12.1,6.9-14.1.9-2.1,1.8-4.2,2.7-6.3,3.8-9.3,21.6-69.4,24.4-77.7,8.3-24.4-.5-7.6-5.6,3.3-9.2,23.2-19.7,65.7-29,88.8l-1.3-.2c24.3-109,80.1-209.1,135.7-300.4q.3-1,.6-1.9c-59.6,62.2-99.6,141.2-123.5,224.5h-.6c13.4-69.3,24-139.1,45-206.5,11.5-6.6,25.1,1.6,17.1-13.2,1-1.5,12.6,10.2,10.1-6.4,9.6,7.4,10.8,5.7,5.4-5,.4-2.7,13.1,7,14.3,4.1-1.8-1.3-2.7-3.4-3.9-5.1-9-12.8-7.7-13.5,3.6-2.9q.3,0,.6,0c-.7-11.5-3-16.2,6.9-6.5,2.6,0-2.7-16.1-1.2-16.8,7.7-3.4,24.6,21.8,9.6-2.5,1.5-5.2,4.8,1.7,7.1-.5-4.9-8.5-8.7-15.4-.9-8.4,3.6-2.2-2.5-6.2-3-12.7.6-.9,9.2,6.2,10.1,6.9,25.9,18.8,14.8,13.8,1.1-9.2-1.1-1.9-2.4-4.3-3.1-6.4,9.3,4.5,16.8,13.2,18.2,9.5-4.3-3.9-7.9-8.3-11.3-13,.7-3,9.1,5.7,10.1,6.9,5.2-.3.2-6.2-3-12,14.9,3.5,1.7-5.1-.6-11.4,30.8,15.7,24.6,22.6,6-7.3,11.5,6.7,14.3,10.6,5-4.1,2.7-2.8,16,15.3,8.8,1.4-5.2-10.1-14.1-18.4,3.3-6.2,4.3,3,7.7,7.3,12.3,9.8q-10-13.2-20-26.4c.3-3.1,17.5,7.2,17.9,6.2q-7.3-8.9-14.6-17.7c16.9,9.9,11.2,2.5,1.3-5.5,17.5.6,6.3.1,2-5.7-4.1-5.6,9.9,5.6,4.6-1.1q1.1,0,2.3,0c27,14.6,18.2,5.2-2.2-5.6-2.8-4-4.1-1.3,8-2-11.8-13.3-.6-2.7,6.7-1.9q-3.9-3.3-7.9-6.6c8.6.5,14.6,9,21.5,11.3-13.2-16.1-35.4-19.9-15.8-18.2q-2-3.4-4-6.8,3.8,2,7.6,3.9c-11.6-8.6-4.1-5.6,4.1-1.8-.2-1.4-6.9-3.7-4.9-4.6,29.4,7,10,2-4.6-4.5-1.2-1.9,9.7-1.6,11.3-2.6q-6.1-1.1-12.3-2.2c10.9.3-1.4-2.5,6.1-2.3q-1.5-1-3-2c8.6-1.5,11.2-4.6,2.5-1.7-5.1-2.3,2.2-1.9,8.5-3.6,0-.2,3.1-1.2-.2-1.3-6.8-.3-16.9,6.9-4-3.8-9.5,2,4.1-1.6,4.5-2.4,1.1-2.7-12.2,4.2-7.7-.3-3.3-1.2,10.2-5.6,0-2.3q-.7-.6-1.5-1.2c.9-.8,1.7-1.5,2.5-2.2.2,0,.4-.2.5-.4,9.2-7.9,9.6-6.1-5.1-1,1.5-.4,13.7-10.9,10-10.4-12.1,11.6,6.9-13.2-2-4.9.1-6-1.9,1.2-3.8-.5,3.6-9.3-3,2.6-3.5,2.2-1.9-11.6-1.2,0-7.5,3.7.1-7.4-4.4,9.6-1.2-3.1-1.9-1.3-3.5,0-3.8-.1-.3,2-1.6,11-3.5,10.2-.6-6.4-2.5-7.5-2.1-11.6-1.7-7.3-1,17-4.7,9.4q-.2,1.6-.4,3.3c-5.3-23.2-4.1-9.3-1.7,3.8q-1.8-5-3.6-10.1,0,3.8,0,7.7c-2.1-4.4-2.6-8-6-11.4q2.6,10.1,5.3,20.3c-1.7-1.6-6.1-19.4-8.4-18.6-.6.2,5.2,14.6,0,6,1.1,10,6,24.7-1.5,4.1-3.1-5-.5,3.5,1.3,10.5q-.3,0-.6,0c.8,2.1,1.5,4.2,2.5,6.3-.1.2-3.2,2.2-3,3.6-.4-1.8-2.9-6.4-3.5-8.4q-.4.3-.7.6c-2-4.6-11.1-22.2-5.5-7.7-3.9,3-1.7-.7-1.8-.9-14.2-18.6,3.6,11,1.3,15.8.2.6,3.8-.4,2.9,11-4.2-9.9-5.1-5.9-5.3-6.3-.2-.4-.5-2.6-3.5-8.1,0,.6-.6.8-1,.5-3.7-2.7-7.8-13.3,1,5.1-4.6-3.9-8.7-13-5.4-3,.7,2.2,2.7,4.4,2.4,6.9-.7-1.1-2-2.5-2.8-3.7-4.1,4-1.6,6.2-4.4,4.1-13.1-9.7,0,2.5.9,8.8-12.3-17.2,1.4,8.3,0,8.6q-4-7.1-7.9-14.3c-3.1,0,1.5,5.5-1.7,5.8q0,1,0,2c-10.1-10.2,5.4,11.9,2.4,12.3-4.6-10.1-11.8-20.9-3.6-1.8-1.8-1.7-9.7-18.9-11.8-16.4-1.4,1.6,12.8,25.2,10.1,25.5-1.5.2-2.7-8.4-5.2-2-11.1-14.8-25.2-25-3.7-1.4q-.8,0-1.6.1c-12.7-14.6-2.4,3.3,2.4,9.3l-1.7.8c-7.9-9.9-12.4-12.6-4.6-2.2.7,6-9.4-15.5-9.3-8.4,8.6,18,4.9,9-6.1,2.6q5.8,8.2,11.5,16.4c-14.6-11.6-9.5-4.6-2.1,6.7-1.4,2.4-5.9-7.6-.9,7.5-.7-1.1-12.8-24.6-12.8-16.5,6.4,14.6.1,2.1-5.1-2.9q-.5.4-1.1.9c10.5,15.1,3.1,6.7-2.6,5.3-1.3,1.2.4,2.5,1.5,3.5,4.8,4.5,16.6,9,6.1,8.4q2.5,3.1,5,6.3s-.3,1.2-1,.5c-2-1.9-5.6-4.9-6.1-5.4-.1,3.6,4,7.5,6.3,11.4q-.5.3-1,.5c-2.4-4.3-8.5-7.7-12.1-8.8.6,2.4,2.1,4.2,3.1,6.4,1.2,2.6,2.3,4.9,3.6,7.4,0,0-.9.5-.8.9-8.5-9.6-17.4-11.9-6.1,2.3q-3.7-1.1-7.5-2.2,4.8,3.1,9.6,6.1c-1.4-.4-7.4-2.7-8.1-2q2.8,3.3,5.6,6.7-3.6-2.1-7.2-4.2c8.5,11.3,3.2,4.9-4.9.4.8,8.9,10.1,9.8-5.3,3.7-.3.6,8.4,6.7,9.4,7.5-9-3.6-25-3.5-14.7-6.1-13.2-1.6,15.4-1.1-2.8-3.7,24.1-17.7,15.3-10.4,3.6-5.9-12,4.6-4.5-.2-1-5.1,0,0-1.2-1.4-1.1-1.5.4-.5,9.2-8.5,10.1-9.1-4.2-1.1-17,9.6-16.8,5.6,2.4-1.7,4.7-3.8,7.1-5.5-4.8,1.6-7,3.4-1-2.8.8-.8,11.7-8.5,8.5-8.9-5.7,3.7-12.8,5.3-18.7,8.4-.3.2-3.1.8-3.3.9q-.5-.9-1.1-1.8c7.4-5.3,8-3.1,8.4-3.3.8-.3-.5-1-.2-1.3.8-.8,3.9-4.3,1.7-3.8,15.2-10.2,3.3-5.2-5.1-.6q-1.1-.1-2.2-.3c6.7-6.4,24.1-10.1,3-6q8.1-6,16.3-12c-.6-1.9-26.7,11.6-9.7.2q-2.7.7-5.3,1.4,3.4-2.7,6.8-5.5c-1.5.1-14.7,5.9-13.6,3.3,8.5-3.5,8.3-7.3,9.7-8.5.4-.3,10.1-4.5,10-5.1-.7-2.4-17.3,6.5-18.9,7.4-.3.2-1.5,0-6.8,3.2-2.7-2.2,9.5-8,7.2-9.1-11.1,10.3-2.5-2.5,3.2-7.6-.7-2.3-4.9,3.9-9.4,3.2,2.4-2.9,10-6.1,6.9-6.8-15.4,9.2-8.2.4-.4-4.7q-.6-.7-1.1-1.5c-2.6,1.5-7.8,4.5-10.3,5.4-13.9,4.9,9-10.3-4.5-2.5-1.7-1.4,3.9-4.7,4.9-5.7q-1.6-.2-3.2-.4c4.1-2,7.8-4.6,11.8-6.9-9.6,2.5-16.7,8.2-4.1-3.5l-2.5-.6c-6.3,3.3-11.9,10.6-7.3,1.4-3.4,1.8-3.7.5-3.9.5q2.9-2.8,5.8-5.6l-7.2,1.1c3.8-3.6,14.8-7.2,2.6-5.7l11.3-8.6c-1-2.8-11.8,5.7-12.6,6.1-1.4.7-1-.8-5,1.4-4.9,2.7-15.8,12.6-5.8,0,1.6-2.1,3.3-3.5,5.2-5.4,1.6-1.6,4-3.4,5.8-5,.5-2.5-2.6.2-3.9.5l10.7-8.4c-4.9-.2-8.5,3-13.4,4-1.7.4-2.7-.2-5.6.7,3.1-4.4-4.4.9-6.5,3.2-2.9,1.2-1.3.1-1-2.1,2.3-.8,6-5.6,9.8-6.5-14,2.7,2.5-2.4-1.9-3.2-3.3,1.6-6.3,5.1-8.7,2.9-1.2-3.3-3.4-3-2.7-7.3,0-.6,2.2-2.2,2.2-2.4.5-2.3-1.8,1.7-1-2.4.6-3.1,2-4.8,2.2-7.7-2.4,1.7-9.9,9.6-10.9,12.7q-1-8.6-2.1-17.2c-1.6-1.5-1.4,1.1-1.8,4.1-.5-1.3-5.4-10.2-6.2-7.1,1.3,7.9-.6,5.9-.8,6.2-5.9-8.9-6.3-13.5-8.6-5.7-5.9-11.4-3.3,1.4-1,5.9-11.9-13.7-3,3.5.9,8.8-.3,0-.9-.2-1.3-.2-3-6.3-11.7-15.6-5.6-1.7q-.5.4-1.1.9c-4.8-6.6-9.5-10-5,1.1,2.4,5.8,11,12.2-2,3.4-2,.5,5,8.4,5.6,9.3.6.8,1.1,1.5,1.7,2.2-17.9-10.1-9.9,1.4-1.4,5.8q-7.7-1.6-15.4-3.2c8.8,6,11.6,3.4-1.1,6.2,5.3.8,10.5,2,15.7,2.9-1.5,3.6-5.8,1.1-9.3,2.5,14.1,5.7,6,2.8,5.1,2.9-.4,0-2,1.6-2.8,1.7-1.5.1-13.9-1-5.6,1.3,5.6,1.5,9.1-.7,4.5,2.5,3.6.6,7.1.2,5.5,2-9.3-.2-15.1-.1-1.9,2.4l-10.7,3c0,1.4,11.5-.4,3.8,2.8,13.9,1.7,5.8.7-2.1,4.1q5.6.2,11.2.4c1,2.4-2.4.6-3.6.9-2.5.6-4.2,2.3-8.1,3,4,.5,11.3-.8,9.8,1.8-14.5,1.3-26.4,2.9-3.3,3.6-1.2,1.5-5.9,1.6-9.4,2.9l9.1-.6q-7.4,4.9-14.7,9.9c2.9.2,14.6-7.4,20.2-4.9-11.6,6.3-13.6,7.3.8,4.1-3.6,3.9,8.3-.7,2.6,2.3-2.1,1.1-4.8,1.3-6.8,2.8,10,1.7,1.5,1.6-6.8,5.5-.7.3-1.1-.8-1.2-.8-.2.1.6.4-4,3.5-.5.3-1.7,2-2.2,2.4q0,.7-.2,1.3c6-4.3,24.2-9.3,7.1-.1,9.4-3.1,21.1-6.5,3.7,1.1-1,2.3,14.6-3.2,6.9,1.2-8.2,4.7-17.6,7.8-24.3,15,0,0-.2.9.9.8.8-.1,5-4.6,15.4-7.4,3.5-1,9.9-2.7,13-1.1-7.6,2.6-22.6,6.8-4.4,4.5-7.2,4.5-20.4,9.5-23.2,16.1,7.9-5.6,17.7-8.6,27-10-17.8,7.9,11.9-.2-5.9,6.3,6.7.8,10.9-.4,5.5,2.3q1.9,0,3.9-.2t1.7-.5c-9.7,4.8-19.9,10.7-28.9,17.8,2.6-1.7,29.1-15.2,29.9-12.7-15,10.6-14.8,10,1.9,3.2,2.5-.3-3.7,3.9-5.4,4.7q0,.3,0,.7c17.4-5.4.9,3.5-5.4,7.3.1,1.4,1,.5,1.9.2,16.3-4.5,13.7-3.3,1.4,4.5,21.1-7.1.7,3.9-6.4,5.2,13.7-1.2,21.2-4.7,4.7,3.6l.6.7c.4-.2,9-3.4,9.3-2.5-3.8,3.5-13.2,12-17.1,13.6q0,.3,0,.7c1.7-.9,22.3-12.4,22.6-10.9-5.3,7.3-20.8,16.8-21.5,18-.3.5,0,1.1.5,1.1,6.8-4.4,14-9.4,21.7-11.3-9.1,8.1-13.8,12.2-.3,2.6,7-2.6-6.6,8.1-12.2,13.2,2.9.3,13.9-10.4,14.5-7.9-2.2,1.3-3.5,3.2-5.1,5,1.1-.8,10.5-7,10.9-5-14.5,12.7-3.4,3.8,7.1,5.5-4.6,5.1-10.5,6.2-15.3,9.8q9.1-2.2,18.2-4.4l-7.4,5.4q4.2-.5,8.5-1c-13.6,9.5-2.9,2.5-.4,5.6,8.9-5-12.3,9.2,5.1.6,2,1.2-7.4,6.1-9,7.6,19.6-4.5.1,3.3,9.4,2.1-.6,1.5-1.2,3.3-1.9,4.8,6.1-2.7,3.1,0,4.1.5,1.1.5.2-6.5,5.9,6.7,3.6-.8,6.3-2.5,9.5-4.2.1.9.2,1.8.3,2.7,7.2,71.6-6,248.1-14.9,321.2-1.3.5,1.6,1.4.2,1.9,0,2.2,1.1,12.9.9,11.9.9,3.5,1.8,5.1,2,6.2.4,1.8,1.9,2.9,2.6,4.8,2.7,7.2,4.1,1.3,4-.4-.2-1.7,2.4-4.4,3.5-7.4.3-.8.6-1.5.8-2,.8,0,1.3-1.4,2-2.3-1.1,1.3-.7.9,0-.2,0,0,0,0,0,0,0,0,0,0,0,0,1.1-1.5,3.1-4.2,3.1-4.6-.1-1.1,6-11.9,6.9-13.8,7.3-16.8,29.9-75.1,39.2-90.8,2.4-4.1,5.4-9.4,7.5-13.3,12.6-24.2,26.6-41,44.3-61.4,5.8-6.6,10.4-9.8,10.9-10.3.2,7,15.6,1.2,20.6,2.5.9.2,4.6,3.9,6.2,4.7,2.7,1.4,5.3,2.9,8.2,3.7,26.2,21.9,3.1-.2-6.1-10.4,31.9,15.4,37.7,25.6,11.2-2,10.3,1,29.6,9,22.8,3.1-7.9-6.9-28.6-14.7-1.2-8.8q4,2.8,8,5.6c-4.3-6.1-13-14.2-11.4-14.7,7.5,5.7,14.2,12.1,9.4,5.1-5-7.3-13.4-9.1,9,.4-1.5-3.1-3.2-6.2-4.7-9.2-1.1-2.4-2.1-5.7-2.9-8.3,4.4,1.4,8.1,3.1,12.3,4.8,1.6.7,2.8,1.9,4.2,2.5,2,.9,4,1.9,6.1,2.7-3.1-4-6.9-7.4-10.2-11.2-2.1-2.5-4.3-5.3-6.1-8.1,8.9,2.7,18,4.9,26.6,8.6-3.7-4.1-7.8-7.8-11.4-12-1.6-1.9-3.4-3.6-4.4-5.9,5,.3,11.4,2.2,11.5,1.1-4.7-4.5,3.8-1.1,11.5,1.1-1.8-3.9-16-6.3-16.9-6.7-8.7-3.9,6.5-.5,6.9-1.5-3.3-9.8-4.9-6.6,3.1-4,8.1,2.7-5.1-5.1-.9-5.4,11.1,2.5,25.3,10.5,18.4,4.9-5-4.1-14.2-9.1-20.1-12.4q5.6.3,11.2.7c-.3-.4,2.4.6-5.1-8.6q10.4,3.4,20.7,6.8c-5.2-6.8-25.3-20-3.2-11-10.2-6.8,8.7,1.6,9.6.5-6.2-6-22.4-13.8-3-10-4.1-2.6-2.3-3.6,1.7-3.1,15.5,8.2,1.9-1.5-4.9-4.9,7.2.8,18.7,3.6,3.8-1.9-1.6-1.7,12.2-1.2,14-1.3l-8.4-2.7c-4.6-6,19.9,5.5,1.8-4.4q9.7,1,19.4,2c.1-.8-17.3-3.7-13.8-5.3,6.8,0,4.6-.7-2-1.9,9.2-.6,7.8-.6.3-2.6,0-1.2,11.6.3,4.5-2.4q3.7,0,7.4,0c-9.6-3.9,7.3-2.9-4.7-3.9,13.4-5.1-1-.9-1.6-2.9q6.6-3.9,13.2-7.7-1.9-.6-3.7-1.1c.2-1.6,11-5.9-1.1-1.1.8-3.4,6.6-5.1,6.8-8.5ZM91.8,293.1c-.4-15.1-3.6-57.4-3.3-62.6.1-2.7-.2-3.8,1.4-5.8,2.6-3.3,12-4.7,10.1-11.4,1.8,4.7,2.1,2,6.9-1.5-9.1-7.1,2.1-2.5,2.3-3-15-10.6,3.7,1.4-2-10.2,7.1,3.3-3.5-5,7.5-3.1-.8-1-1.6-2.1-2.2-3.3-.8-1.7-2.1-2.6-2.1-3.9,6.2-.4,2.2-.4-1.6-2.9q4.5-.1,9-.2-3.9-2.6-7.7-5.3c3.2.5,6.6,0,9.8,1.8q-4-2.7-8-5.3l9.1-.6c-7.1-6-15.2-7.6,1.8-4.1q-3.9-2.5-7.8-4.9c6.3.2,9.7-3.7,14.7.8.5.5,10.4,12.4,6.2,10.1-8.2-7-5.6-4.1-.8,4.2-.6,4.6-4.9-8.2-1.6,2.8-2.6,0-8.8-9.6-9.5-6.5.6,1,5,21.3,4.9,23.2,0,1.4-1,10.1-1.6,10.5-13-14.7,1.1,2.2-.5,17.6l-.6,2.3c-8.9-16.2,1.3,16.1,3,20,.3.7,1.4-.9,1.9.2,1.2,2.5,6.2,11.3,6.2,12.7,0,2.5-11.9,41.5-13.7,48.9-14.5,59.4-35,162-46.4,222.1-.6,1.1.7,3.2-2.2,2.4,8.3-57.5,18.5-185.6,17-244.9Z\"><\/path><\/svg>\t\t\t\t<\/span>\n\t\t\t<\/div>\n\t\t\t\n\t\t\t\t\t\t<div class=\"elementor-icon-box-content\">\n\n\t\t\t\t\t\t\t\t\t<h2 class=\"elementor-icon-box-title\">\n\t\t\t\t\t\t<span  >\n\t\t\t\t\t\t\tH\u00e4ufig gestellte Fragen\t\t\t\t\t\t<\/span>\n\t\t\t\t\t<\/h2>\n\t\t\t\t\n\t\t\t\t\n\t\t\t<\/div>\n\t\t\t\n\t\t<\/div>\n\t\t\t\t\t\t<\/div>\n\t\t\t\t<\/div>\n\t\t\t\t<div class=\"elementor-element elementor-element-a3ef920 elementor-widget elementor-widget-n-accordion\" data-id=\"a3ef920\" data-element_type=\"widget\" data-settings=\"{&quot;default_state&quot;:&quot;all_collapsed&quot;,&quot;max_items_expended&quot;:&quot;one&quot;,&quot;n_accordion_animation_duration&quot;:{&quot;unit&quot;:&quot;ms&quot;,&quot;size&quot;:400,&quot;sizes&quot;:[]}}\" data-widget_type=\"nested-accordion.default\">\n\t\t\t\t<div class=\"elementor-widget-container\">\n\t\t\t\t\t\t\t<div class=\"e-n-accordion\" aria-label=\"Accordion. Open links with Enter or Space, close with Escape, and navigate with Arrow Keys\">\n\t\t\t\t\t\t<details id=\"e-n-accordion-item-1710\" class=\"e-n-accordion-item\" >\n\t\t\t\t<summary class=\"e-n-accordion-item-title\" data-accordion-index=\"1\" tabindex=\"0\" aria-expanded=\"false\" aria-controls=\"e-n-accordion-item-1710\" >\n\t\t\t\t\t<span class='e-n-accordion-item-title-header'><div class=\"e-n-accordion-item-title-text\"> Sind die Zimmer mit Babybetten ausgestattet? <\/div><\/span>\n\t\t\t\t\t\t\t<span class='e-n-accordion-item-title-icon'>\n\t\t\t<span class='e-opened' ><svg aria-hidden=\"true\" class=\"e-font-icon-svg e-fas-chevron-up\" viewBox=\"0 0 448 512\" xmlns=\"http:\/\/www.w3.org\/2000\/svg\"><path d=\"M240.971 130.524l194.343 194.343c9.373 9.373 9.373 24.569 0 33.941l-22.667 22.667c-9.357 9.357-24.522 9.375-33.901.04L224 227.495 69.255 381.516c-9.379 9.335-24.544 9.317-33.901-.04l-22.667-22.667c-9.373-9.373-9.373-24.569 0-33.941L207.03 130.525c9.372-9.373 24.568-9.373 33.941-.001z\"><\/path><\/svg><\/span>\n\t\t\t<span class='e-closed'><svg aria-hidden=\"true\" class=\"e-font-icon-svg e-fas-chevron-down\" viewBox=\"0 0 448 512\" xmlns=\"http:\/\/www.w3.org\/2000\/svg\"><path d=\"M207.029 381.476L12.686 187.132c-9.373-9.373-9.373-24.569 0-33.941l22.667-22.667c9.357-9.357 24.522-9.375 33.901-.04L224 284.505l154.745-154.021c9.379-9.335 24.544-9.317 33.901.04l22.667 22.667c9.373 9.373 9.373 24.569 0 33.941L240.971 381.476c-9.373 9.372-24.569 9.372-33.942 0z\"><\/path><\/svg><\/span>\n\t\t<\/span>\n\n\t\t\t\t\t\t<\/summary>\n\t\t\t\t<div role=\"region\" aria-labelledby=\"e-n-accordion-item-1710\" class=\"elementor-element elementor-element-2af55d0 e-con-full e-flex e-con e-child\" data-id=\"2af55d0\" data-element_type=\"container\">\n\t\t\t\t<div class=\"elementor-element elementor-element-1085f13 elementor-widget elementor-widget-text-editor\" data-id=\"1085f13\" data-element_type=\"widget\" data-widget_type=\"text-editor.default\">\n\t\t\t\t<div class=\"elementor-widget-container\">\n\t\t\t\t\t\t\t\t\t<p>Die Kleinsten sind nat\u00fcrlich herzlich willkommen! Auf einfache Anfrage bei Ihrer Reservierung stellen wir ein Babybett in Ihrem Zimmer auf (gegen Aufpreis).<\/p>\n\t\t\t\t\t\t\t\t<\/div>\n\t\t\t\t<\/div>\n\t\t\t\t<\/div>\n\t\t\t\t\t<\/details>\n\t\t\t\t\t<\/div>\n\t\t\t\t\t\t<\/div>\n\t\t\t\t<\/div>\n\t\t\t\t\t<\/div>\n\t\t\t\t<\/div>\n\t\t\t\t<\/div>\n\t\t","protected":false},"excerpt":{"rendered":"<p>Hier f\u00fcgen sich Holzbalken, Parkett und alte Steine harmonisch in die italienische Dusche oder die Flachbildschirme ein. Entdecken Sie zwischen dem Charme des Alten und dem Komfort modernster Einrichtungen unsere drei Zimmer, die 2025 komplett renoviert wurden. M\u00f6chten Sie als Paar bei einem romantischen Wochenende neue Energie tanken? Oder lieber mit der Familie die Region [&hellip;]<\/p>\n","protected":false},"author":1,"featured_media":1770,"parent":0,"menu_order":0,"comment_status":"closed","ping_status":"closed","template":"","meta":{"_acf_changed":false,"_glsr_average":0,"_glsr_ranking":0,"_glsr_reviews":0,"footnotes":""},"class_list":["post-1842","page","type-page","status-publish","has-post-thumbnail","hentry"],"acf":[],"_links":{"self":[{"href":"https:\/\/lesjardinsdelaferme.com\/de\/wp-json\/wp\/v2\/pages\/1842","targetHints":{"allow":["GET"]}}],"collection":[{"href":"https:\/\/lesjardinsdelaferme.com\/de\/wp-json\/wp\/v2\/pages"}],"about":[{"href":"https:\/\/lesjardinsdelaferme.com\/de\/wp-json\/wp\/v2\/types\/page"}],"author":[{"embeddable":true,"href":"https:\/\/lesjardinsdelaferme.com\/de\/wp-json\/wp\/v2\/users\/1"}],"replies":[{"embeddable":true,"href":"https:\/\/lesjardinsdelaferme.com\/de\/wp-json\/wp\/v2\/comments?post=1842"}],"version-history":[{"count":5,"href":"https:\/\/lesjardinsdelaferme.com\/de\/wp-json\/wp\/v2\/pages\/1842\/revisions"}],"predecessor-version":[{"id":1849,"href":"https:\/\/lesjardinsdelaferme.com\/de\/wp-json\/wp\/v2\/pages\/1842\/revisions\/1849"}],"wp:featuredmedia":[{"embeddable":true,"href":"https:\/\/lesjardinsdelaferme.com\/de\/wp-json\/wp\/v2\/media\/1770"}],"wp:attachment":[{"href":"https:\/\/lesjardinsdelaferme.com\/de\/wp-json\/wp\/v2\/media?parent=1842"}],"curies":[{"name":"wp","href":"https:\/\/api.w.org\/{rel}","templated":true}]}}