{"id":1790,"date":"2024-10-24T09:34:10","date_gmt":"2024-10-24T07:34:10","guid":{"rendered":"https:\/\/lesjardinsdelaferme.com\/infos\/sie-sprechen-ueber-uns\/"},"modified":"2026-02-17T15:34:21","modified_gmt":"2026-02-17T14:34:21","slug":"sie-sprechen-ueber-uns","status":"publish","type":"page","link":"https:\/\/lesjardinsdelaferme.com\/de\/infos\/sie-sprechen-ueber-uns\/","title":{"rendered":"Sie sprechen \u00fcber uns&#8230;"},"content":{"rendered":"\t\t<div data-elementor-type=\"wp-page\" data-elementor-id=\"1790\" class=\"elementor elementor-1790 elementor-671\" data-elementor-post-type=\"page\">\n\t\t\t\t<div class=\"elementor-element elementor-element-1176330 e-con-full e-flex e-con e-parent\" data-id=\"1176330\" data-element_type=\"container\" data-settings=\"{&quot;background_background&quot;:&quot;slideshow&quot;,&quot;background_slideshow_gallery&quot;:[{&quot;id&quot;:714,&quot;url&quot;:&quot;https:\\\/\\\/lesjardinsdelaferme.com\\\/wp-content\\\/uploads\\\/2024\\\/10\\\/les-jardins-dela-ferme-vue-18.webp&quot;},{&quot;id&quot;:466,&quot;url&quot;:&quot;https:\\\/\\\/lesjardinsdelaferme.com\\\/wp-content\\\/uploads\\\/2024\\\/10\\\/les-jardins-dela-ferme-vue-3.webp&quot;},{&quot;id&quot;:514,&quot;url&quot;:&quot;https:\\\/\\\/lesjardinsdelaferme.com\\\/wp-content\\\/uploads\\\/2024\\\/10\\\/les-jardins-dela-ferme-vue-14.webp&quot;},{&quot;id&quot;:506,&quot;url&quot;:&quot;https:\\\/\\\/lesjardinsdelaferme.com\\\/wp-content\\\/uploads\\\/2024\\\/10\\\/les-jardins-dela-ferme-vue-16.webp&quot;},{&quot;id&quot;:502,&quot;url&quot;:&quot;https:\\\/\\\/lesjardinsdelaferme.com\\\/wp-content\\\/uploads\\\/2024\\\/10\\\/les-jardins-dela-ferme-vue-17.webp&quot;},{&quot;id&quot;:522,&quot;url&quot;:&quot;https:\\\/\\\/lesjardinsdelaferme.com\\\/wp-content\\\/uploads\\\/2024\\\/10\\\/les-jardins-dela-ferme-vue-12.webp&quot;}],&quot;background_slideshow_slide_duration&quot;:3500,&quot;background_slideshow_loop&quot;:&quot;yes&quot;,&quot;background_slideshow_slide_transition&quot;:&quot;fade&quot;,&quot;background_slideshow_transition_duration&quot;:500}\">\n\t\t<div class=\"elementor-element elementor-element-306a531 e-con-full e-flex e-con e-child\" data-id=\"306a531\" data-element_type=\"container\">\n\t\t\t\t<div class=\"elementor-element elementor-element-acb9991 elementor-invisible elementor-widget elementor-widget-theme-post-title elementor-page-title elementor-widget-heading\" data-id=\"acb9991\" data-element_type=\"widget\" data-settings=\"{&quot;_animation&quot;:&quot;slideInLeft&quot;,&quot;_animation_delay&quot;:60}\" data-widget_type=\"theme-post-title.default\">\n\t\t\t\t<div class=\"elementor-widget-container\">\n\t\t\t\t\t<h1 class=\"elementor-heading-title elementor-size-default\">Sie sprechen \u00fcber uns&#8230;<\/h1>\t\t\t\t<\/div>\n\t\t\t\t<\/div>\n\t\t\t\t<\/div>\n\t\t\t\t<\/div>\n\t\t<div class=\"elementor-element elementor-element-fce53d8 e-flex e-con-boxed e-con e-parent\" data-id=\"fce53d8\" data-element_type=\"container\">\n\t\t\t\t\t<div class=\"e-con-inner\">\n\t\t<div class=\"elementor-element elementor-element-8760bde e-con-full e-flex e-con e-child\" data-id=\"8760bde\" data-element_type=\"container\">\n\t\t\t\t<div class=\"elementor-element elementor-element-1f08d7f elementor-widget elementor-widget-site_reviews_summary\" data-id=\"1f08d7f\" data-element_type=\"widget\" data-widget_type=\"site_reviews_summary.default\">\n\t\t\t\t<div class=\"elementor-widget-container\">\n\t\t\t\t\t<div class=\"glsr glsr-elementor\" id=\"glsr_7e8d7a39\" data-from=\"elementor\" data-shortcode=\"site_reviews_summary\"><div class=\"glsr-summary-wrap\">\n    <div class=\"glsr-summary\">\n        <div class=\"glsr-summary-rating\"><span class=\"glsr-tag-value\">5,0<\/span><\/div>\n        <div class=\"glsr-summary-stars\"><div class=\"glsr-star-rating glsr-stars\" role=\"img\" aria-label=\"Rated 5 out of 5 stars based on 2 ratings\" data-rating=\"5\" data-reviews=\"2\"><span class=\"glsr-star glsr-star-full\" aria-hidden=\"true\"><\/span><span class=\"glsr-star glsr-star-full\" aria-hidden=\"true\"><\/span><span class=\"glsr-star glsr-star-full\" aria-hidden=\"true\"><\/span><span class=\"glsr-star glsr-star-full\" aria-hidden=\"true\"><\/span><span class=\"glsr-star glsr-star-full\" aria-hidden=\"true\"><\/span><\/div><\/div>\n        <div class=\"glsr-summary-text\"><span class=\"glsr-tag-value\">5,0 von 5 Sternen (basierend auf 2 Bewertungen)<\/span><\/div>\n        <div class=\"glsr-summary-percentages\"><div class=\"glsr-bar\" data-level=\"5\"><span class=\"glsr-bar-label\">Ausgezeichnet<\/span><span class=\"glsr-bar-background\"><span class=\"glsr-bar-background-percent\" style=\"width:100%\"><\/span><\/span><span class=\"glsr-bar-percent\">100%<\/span><\/div><div class=\"glsr-bar\" data-level=\"4\"><span class=\"glsr-bar-label\">Sehr gut<\/span><span class=\"glsr-bar-background\"><span class=\"glsr-bar-background-percent\" style=\"width:0%\"><\/span><\/span><span class=\"glsr-bar-percent\">0%<\/span><\/div><div class=\"glsr-bar\" data-level=\"3\"><span class=\"glsr-bar-label\">Durchschnittlich<\/span><span class=\"glsr-bar-background\"><span class=\"glsr-bar-background-percent\" style=\"width:0%\"><\/span><\/span><span class=\"glsr-bar-percent\">0%<\/span><\/div><div class=\"glsr-bar\" data-level=\"2\"><span class=\"glsr-bar-label\">Schlecht<\/span><span class=\"glsr-bar-background\"><span class=\"glsr-bar-background-percent\" style=\"width:0%\"><\/span><\/span><span class=\"glsr-bar-percent\">0%<\/span><\/div><div class=\"glsr-bar\" data-level=\"1\"><span class=\"glsr-bar-label\">Furchtbar<\/span><span class=\"glsr-bar-background\"><span class=\"glsr-bar-background-percent\" style=\"width:0%\"><\/span><\/span><span class=\"glsr-bar-percent\">0%<\/span><\/div><\/div>\n    <\/div>\n<\/div><\/div>\t\t\t\t<\/div>\n\t\t\t\t<\/div>\n\t\t\t\t<div class=\"elementor-element elementor-element-5f9d5b9 elementor-widget elementor-widget-site_reviews\" data-id=\"5f9d5b9\" data-element_type=\"widget\" data-widget_type=\"site_reviews.default\">\n\t\t\t\t<div class=\"elementor-widget-container\">\n\t\t\t\t\t<div class=\"glsr glsr-elementor\" id=\"glsr_4216e5ed\" data-from=\"elementor\" data-shortcode=\"site_reviews\" data-display=\"10\" data-hide=\"avatar,verified\" data-pagination=\"ajax\"><div class=\"glsr-reviews-wrap\">\n    <div class=\"glsr-reviews\">\n        <div class=\"glsr-review\" data-type=\"local\" id=\"review-1884\" data-assigned='[]'>\n    <div class=\"glsr-review-title\"><h4 class=\"glsr-tag-value\">Maison d\u2019h\u00f4te charmante !<\/h4><\/div>\n    <div class=\"glsr-review-rating\"><div class=\"glsr-star-rating glsr-stars\" role=\"img\" aria-label=\"Rated 5 out of 5 stars\" data-rating=\"5\" data-reviews=\"0\"><span class=\"glsr-star glsr-star-full\" aria-hidden=\"true\"><\/span><span class=\"glsr-star glsr-star-full\" aria-hidden=\"true\"><\/span><span class=\"glsr-star glsr-star-full\" aria-hidden=\"true\"><\/span><span class=\"glsr-star glsr-star-full\" aria-hidden=\"true\"><\/span><span class=\"glsr-star glsr-star-full\" aria-hidden=\"true\"><\/span><\/div><\/div> <div class=\"glsr-review-date\"><span class=\"glsr-tag-value\">3 M\u00e4rz 2026<\/span><\/div>\n    \n    <div class=\"glsr-review-content\"><div class=\"glsr-tag-value\" data-expanded=\"false\"><p>Une hospitalit\u00e9 \u00e0 la hauteur du lieu, tr\u00e8s bien re\u00e7u avec un petit verre \ud83d\ude00<\/p>\n<p>Le petit d\u00e9jeuner g\u00e9n\u00e9reux et d\u00e9licieux avec des produits locaux !<\/p>\n<p>Un environnement calme et reposant qui nous a permis de recharger nos batteries !<\/p>\n<p>Encore merci !<\/p><\/div><\/div>\n     <div class=\"glsr-review-author\"><span class=\"glsr-tag-value\">Michel<\/span><\/div> \n    <div class=\"glsr-review-response\"><div class=\"glsr-tag-value\" data-expanded=\"false\"><div class=\"glsr-review-response-inner\"><p><strong>Antwort von Les Jardins de la Ferme<\/strong><\/p><p>merci alec et au plaisir de vous revoir \ud83d\ude42<\/p><\/div><\/div><\/div>\n<\/div>\n<div class=\"glsr-review\" data-type=\"local\" id=\"review-1487\" data-assigned='[]'>\n    <div class=\"glsr-review-title\"><h4 class=\"glsr-tag-value\">Top exp\u00e9rience<\/h4><\/div>\n    <div class=\"glsr-review-rating\"><div class=\"glsr-star-rating glsr-stars\" role=\"img\" aria-label=\"Rated 5 out of 5 stars\" data-rating=\"5\" data-reviews=\"0\"><span class=\"glsr-star glsr-star-full\" aria-hidden=\"true\"><\/span><span class=\"glsr-star glsr-star-full\" aria-hidden=\"true\"><\/span><span class=\"glsr-star glsr-star-full\" aria-hidden=\"true\"><\/span><span class=\"glsr-star glsr-star-full\" aria-hidden=\"true\"><\/span><span class=\"glsr-star glsr-star-full\" aria-hidden=\"true\"><\/span><\/div><\/div> <div class=\"glsr-review-date\"><span class=\"glsr-tag-value\">10 Februar 2026<\/span><\/div>\n    \n    <div class=\"glsr-review-content\"><div class=\"glsr-tag-value\" data-expanded=\"false\"><p class=\"glsr-hidden-text\" data-show-less=\"Weniger anzeigen\" data-show-more=\"Mehr anzeigen\" data-trigger=\"expand\">Nous avons \u00e9t\u00e9 invit\u00e9s \u00e0 la nouvelle ann\u00e9e afin de tester les chambres et franchement c\u2019\u00e9tait une tr\u00e8s belle exp\u00e9rience. La chambre est hyper confortable et d\u00e9cor\u00e9e avec go\u00fbt, le souci du d\u00e9tail est la. Les prestations sont \u00e0 la hauteur avec un jacuzzi et sauna. Vous vous retrouverez dans un cadre calme avec de<span class=\"glsr-hidden\"> magnifiques vues, en \u00e9tant proche de tout. Les h\u00f4tes sont tr\u00e8s sympas et accueillants. Le top est que les propri\u00e9taires sont boulanger p\u00e2tissier donc un petit dej artisanal et de qualit\u00e9.<\/span><\/p>\n<p class=\"glsr-hidden\">Bref je recommande cette adresse que ce soit pour un moment amoureux en couple ou pour d\u00e9couvrir cette belle r\u00e9gion \ud83d\udc4d\ud83d\udc4d\ud83d\udc4d<\/p><\/div><\/div>\n     <div class=\"glsr-review-author\"><span class=\"glsr-tag-value\">Lecarte<\/span><\/div> \n    <div class=\"glsr-review-response\"><div class=\"glsr-tag-value\" data-expanded=\"false\"><div class=\"glsr-review-response-inner\"><p><strong>Antwort von Les Jardins de la Ferme<\/strong><\/p><p>merci beaucoup chantal et thomas \ud83d\ude42 votre commentaire nous fait chaud au coeur<\/p><\/div><\/div><\/div>\n<\/div>\n    <\/div>\n    \n<\/div><\/div>\t\t\t\t<\/div>\n\t\t\t\t<\/div>\n\t\t\t\t<\/div>\n\t\t<div class=\"elementor-element elementor-element-84ff6e7 e-con-full e-flex e-con e-child\" data-id=\"84ff6e7\" data-element_type=\"container\">\n\t\t\t\t<div class=\"elementor-element elementor-element-3bef45b elementor-widget elementor-widget-heading\" data-id=\"3bef45b\" data-element_type=\"widget\" data-widget_type=\"heading.default\">\n\t\t\t\t<div class=\"elementor-widget-container\">\n\t\t\t\t\t<h2 class=\"elementor-heading-title elementor-size-default\">Teilen Sie Ihre Meinung zu unseren G\u00e4stezimmern mit<\/h2>\t\t\t\t<\/div>\n\t\t\t\t<\/div>\n\t\t\t\t<div class=\"elementor-element elementor-element-8c005c3 elementor-widget elementor-widget-site_reviews_form\" data-id=\"8c005c3\" data-element_type=\"widget\" data-widget_type=\"site_reviews_form.default\">\n\t\t\t\t<div class=\"elementor-widget-container\">\n\t\t\t\t\t<div class=\"glsr glsr-elementor\" id=\"glsr_583301f5\" data-from=\"elementor\" data-shortcode=\"site_reviews_form\"><div class=\"glsr-form-wrap\">\n    <form class=\"glsr-review-form glsr-form elementor-form\" method=\"post\" enctype=\"multipart\/form-data\">\n        <div class=\"elementor-form-fields-wrapper elementor-labels-above\">\n            <input type=\"hidden\" name=\"site-reviews[_action]\" value=\"submit-review\" \/>\n<input type=\"hidden\" name=\"site-reviews[_nonce]\" value=\"a1f9cc45ac\" \/>\n<input type=\"hidden\" name=\"site-reviews[_post_id]\" value=\"1790\" \/>\n<input type=\"hidden\" name=\"site-reviews[_referer]\" value=\"\" \/>\n<input type=\"hidden\" name=\"site-reviews[assigned_posts]\" value=\"\" \/>\n<input type=\"hidden\" name=\"site-reviews[assigned_terms]\" value=\"\" \/>\n<input type=\"hidden\" name=\"site-reviews[assigned_users]\" value=\"\" \/>\n<input type=\"hidden\" name=\"site-reviews[excluded]\" value=\"\" \/>\n<input type=\"hidden\" name=\"site-reviews[form_id]\" value=\"glsr_583301f5\" \/>\n<input type=\"hidden\" name=\"site-reviews[terms_exist]\" value=\"1\" \/>\n<input type=\"hidden\" name=\"site-reviews[form_signature]\" value=\"vW2FOmSLGNll_R-jVYq4H8wwt5enrIPK5BXuZY6t3jwoGgknF-8ciAEMWx_jF3pldtiAsIoUmRsRyvAEq2ShYpDTsaP09Yzn8iaLo_hprJDZ5Lxtlc9DhoUqZWb1Ja6lAzzGRPlgHPQxkU-kw91U-ypbW3QeAAwHZQ2O8fIHEC8zQBw_eheWSgQB5uc0xyxdO5i4OiScIl2fij2XUfokHaq_r5DrE8PFNWxoGrnTSqGv9CWkwXX7amtkN4LCdhzEFDuyBtintKz4wBLBRk-FrhmuCohwmLQzD0f7MTfm3qA1N8bmjldfp62WYsyfAzOnrL9Eti0H_w_3uCqUjj6M80fVdy2_bR5o7UTR_atZiRthOklzEEqMCNFTFeW9_tHJk5ZuxANsQBOryGjdmFSX0vJaAGQ\" \/>\n<div class=\"glsr-field\" style=\"display:none;\"><label for=\"site-reviews-b1d8ad3b-glsr_583301f5\">Deine Rezension<\/label><input type=\"text\" class=\"glsr-input glsr-input-text\" id=\"site-reviews-b1d8ad3b-glsr_583301f5\" name=\"site-reviews[b1d8ad3b]\" value=\"\" \/><\/div>\n<div class=\"glsr-field glsr-field-rating glsr-required elementor-field-required elementor-field-group elementor-column\" data-field=\"rating\">\n    <label class=\"glsr-label elementor-field-label\" for=\"glsr_583301f5-rating\">\n    <span>Deine Gesamtbewertung<\/span>\n<\/label>\n    <select class=\"elementor-field-textual elementor-size-sm browser-default disable-select no_wrap no-wrap glsr-select\" id=\"glsr_583301f5-rating\" name=\"site-reviews[rating]\" required><option value=\"\">Gib eine Punktzahl<\/option><option value=\"5\">5\u00a0Sterne<\/option><option value=\"4\">4\u00a0Sterne<\/option><option value=\"3\">3\u00a0Sterne<\/option><option value=\"2\">2\u00a0Sterne<\/option><option value=\"1\">1\u00a0Stern<\/option><\/select>\n    <div class=\"glsr-field-error elementor-message elementor-message-danger elementor-help-inline elementor-form-help-inline\"><\/div>\n<\/div>\n<div class=\"glsr-field glsr-field-text glsr-required elementor-field-required elementor-field-type-text elementor-field-group elementor-column\" data-field=\"title\">\n    <label class=\"glsr-label elementor-field-label\" for=\"glsr_583301f5-title\">\n    <span>Titel Deiner Bewertung<\/span>\n<\/label>\n    <input type=\"text\" class=\"elementor-field elementor-field-textual elementor-size-sm glsr-input glsr-input-text\" id=\"glsr_583301f5-title\" name=\"site-reviews[title]\" required placeholder=\"Fasse Deine Bewertung zusammen oder greife ein interessantes Detail heraus\" value=\"\" \/>\n    <div class=\"glsr-field-error elementor-message elementor-message-danger elementor-help-inline elementor-form-help-inline\"><\/div>\n<\/div>\n<div class=\"glsr-field glsr-field-textarea glsr-required elementor-field-required elementor-field-type-textarea elementor-field-group elementor-column\" data-field=\"content\">\n    <label class=\"glsr-label elementor-field-label\" for=\"glsr_583301f5-content\">\n    <span>Deine Rezension<\/span>\n<\/label>\n    <textarea class=\"elementor-field elementor-field-textual elementor-size-sm glsr-textarea\" id=\"glsr_583301f5-content\" name=\"site-reviews[content]\" required placeholder=\"Ver\u00f6ffentliche Deine Bewertung\" rows=\"5\"><\/textarea>\n    <div class=\"glsr-field-error elementor-message elementor-message-danger elementor-help-inline elementor-form-help-inline\"><\/div>\n<\/div>\n<div class=\"glsr-field glsr-field-text glsr-required elementor-field-required elementor-field-type-text elementor-field-group elementor-column\" data-field=\"name\">\n    <label class=\"glsr-label elementor-field-label\" for=\"glsr_583301f5-name\">\n    <span>Dein Name<\/span>\n<\/label>\n    <input type=\"text\" class=\"elementor-field elementor-field-textual elementor-size-sm glsr-input glsr-input-text\" id=\"glsr_583301f5-name\" name=\"site-reviews[name]\" required placeholder=\"Nenne uns Deinen Namen\" value=\"\" \/>\n    <div class=\"glsr-field-error elementor-message elementor-message-danger elementor-help-inline elementor-form-help-inline\"><\/div>\n<\/div>\n<div class=\"glsr-field glsr-field-email glsr-required elementor-field-required elementor-field-type-email elementor-field-group elementor-column\" data-field=\"email\">\n    <label class=\"glsr-label elementor-field-label\" for=\"glsr_583301f5-email\">\n    <span>Deine E-Mail-Adresse<\/span>\n<\/label>\n    <input type=\"email\" class=\"elementor-field elementor-field-textual elementor-size-sm glsr-input glsr-input-email\" id=\"glsr_583301f5-email\" name=\"site-reviews[email]\" required placeholder=\"Nenne uns Deine E-Mail-Adresse\" value=\"\" \/>\n    <div class=\"glsr-field-error elementor-message elementor-message-danger elementor-help-inline elementor-form-help-inline\"><\/div>\n<\/div>\n<div class=\"glsr-field glsr-field-choice glsr-required elementor-field-required elementor-field-type-toggle elementor-field-group elementor-column\" data-field=\"terms\">\n    \n    <div class=\"elementor-field-subgroup\">\n        <span class=\"elementor-field-option\">\n    <span class=\"glsr-field-toggle\">\n        <span class=\"glsr-toggle\">\n            <label for=\"glsr_583301f5-terms-1\">Diese Bewertung basiert auf meiner pers\u00f6nlichen Erfahrung und entspricht meiner eigenen Meinung.<\/label>\n            <span class=\"glsr-toggle-switch\">\n                <input type=\"checkbox\" class=\"glsr-input-toggle\" id=\"glsr_583301f5-terms-1\" name=\"site-reviews[terms]\" required value=\"1\" \/> &#8203; <!-- zero-space character for alignment -->\n                <span class=\"glsr-toggle-track\"><\/span>\n            <\/span>\n        <\/span>\n    <\/span>\n<\/span>\n    <\/div>\n    <div class=\"glsr-field-error elementor-message elementor-message-danger elementor-help-inline elementor-form-help-inline\"><\/div>\n<\/div>\n            <div class=\"elementor-field-group elementor-column elementor-field-type-submit elementor-col-100 e-form__buttons\" data-field=\"submit-button\">\n    <button type=\"submit\" class=\"glsr-button wp-block-button__link wp-element-button elementor-button elementor-size-sm\" aria-busy=\"false\" data-loading=\"\u00dcbermittlung l\u00e4uft, bitte warten...\">Soumettre votre avis<\/button>\n<\/div>\n        <\/div>\n        <div class=\"glsr-form-message elementor-message\">\n    \n<\/div>\n    <\/form>\n<\/div><\/div>\t\t\t\t<\/div>\n\t\t\t\t<\/div>\n\t\t\t\t<\/div>\n\t\t\t\t\t<\/div>\n\t\t\t\t<\/div>\n\t\t\t\t<\/div>\n\t\t","protected":false},"excerpt":{"rendered":"<p>5,0 5,0 \u00e9toiles sur 5 (selon 1 avis) Excellent100%Tr\u00e8s bon0%Moyen0%Passable0%D\u00e9cevant0% Top exp\u00e9rience 10 f\u00e9vrier 2026 Nous avons \u00e9t\u00e9 invit\u00e9s \u00e0 la nouvelle ann\u00e9e afin de tester les chambres et franchement c\u2019\u00e9tait une tr\u00e8s belle exp\u00e9rience. La chambre est hyper confortable et d\u00e9cor\u00e9e avec go\u00fbt, le souci du d\u00e9tail est la. Les prestations sont \u00e0 la [&hellip;]<\/p>\n","protected":false},"author":1,"featured_media":714,"parent":1785,"menu_order":0,"comment_status":"closed","ping_status":"closed","template":"","meta":{"_acf_changed":false,"_glsr_average":0,"_glsr_ranking":0,"_glsr_reviews":0,"footnotes":""},"class_list":["post-1790","page","type-page","status-publish","has-post-thumbnail","hentry"],"acf":[],"_links":{"self":[{"href":"https:\/\/lesjardinsdelaferme.com\/de\/wp-json\/wp\/v2\/pages\/1790","targetHints":{"allow":["GET"]}}],"collection":[{"href":"https:\/\/lesjardinsdelaferme.com\/de\/wp-json\/wp\/v2\/pages"}],"about":[{"href":"https:\/\/lesjardinsdelaferme.com\/de\/wp-json\/wp\/v2\/types\/page"}],"author":[{"embeddable":true,"href":"https:\/\/lesjardinsdelaferme.com\/de\/wp-json\/wp\/v2\/users\/1"}],"replies":[{"embeddable":true,"href":"https:\/\/lesjardinsdelaferme.com\/de\/wp-json\/wp\/v2\/comments?post=1790"}],"version-history":[{"count":3,"href":"https:\/\/lesjardinsdelaferme.com\/de\/wp-json\/wp\/v2\/pages\/1790\/revisions"}],"predecessor-version":[{"id":1793,"href":"https:\/\/lesjardinsdelaferme.com\/de\/wp-json\/wp\/v2\/pages\/1790\/revisions\/1793"}],"up":[{"embeddable":true,"href":"https:\/\/lesjardinsdelaferme.com\/de\/wp-json\/wp\/v2\/pages\/1785"}],"wp:featuredmedia":[{"embeddable":true,"href":"https:\/\/lesjardinsdelaferme.com\/de\/wp-json\/wp\/v2\/media\/714"}],"wp:attachment":[{"href":"https:\/\/lesjardinsdelaferme.com\/de\/wp-json\/wp\/v2\/media?parent=1790"}],"curies":[{"name":"wp","href":"https:\/\/api.w.org\/{rel}","templated":true}]}}